{"id":657,"date":"2024-01-28T17:14:25","date_gmt":"2024-01-28T17:14:25","guid":{"rendered":"https:\/\/www.diyetisyenuguryanik.com\/?page_id=657"},"modified":"2025-04-03T19:39:53","modified_gmt":"2025-04-03T19:39:53","slug":"online-danismanlik","status":"publish","type":"page","link":"https:\/\/www.diyetisyenuguryanik.com\/index.php\/online-danismanlik\/","title":{"rendered":"Online Dan\u0131\u015fmanl\u0131k"},"content":{"rendered":"<style>.elementor-657 .elementor-element.elementor-element-9bafc18{--display:flex;--flex-direction:column;--container-widget-width:100%;--container-widget-height:initial;--container-widget-flex-grow:0;--container-widget-align-self:initial;--flex-wrap-mobile:wrap;}.elementor-657 .elementor-element.elementor-element-9bafc18:not(.elementor-motion-effects-element-type-background), .elementor-657 .elementor-element.elementor-element-9bafc18 > .elementor-motion-effects-container > .elementor-motion-effects-layer{background-color:#383E42;}.elementor-657 .elementor-element.elementor-element-9bafc18 > .elementor-shape-bottom svg, .elementor-657 .elementor-element.elementor-element-9bafc18 > .e-con-inner > .elementor-shape-bottom svg{height:80px;}.elementor-657 .elementor-element.elementor-element-1c742c7{--spacer-size:300px;}.elementor-657 .elementor-element.elementor-element-eb1377f{--display:flex;--flex-direction:row;--container-widget-width:initial;--container-widget-height:100%;--container-widget-flex-grow:1;--container-widget-align-self:stretch;--flex-wrap-mobile:wrap;--gap:0px 0px;--row-gap:0px;--column-gap:0px;--padding-top:0px;--padding-bottom:100px;--padding-left:0px;--padding-right:0px;}.elementor-657 .elementor-element.elementor-element-eb09943{--display:flex;--flex-direction:column;--container-widget-width:100%;--container-widget-height:initial;--container-widget-flex-grow:0;--container-widget-align-self:initial;--flex-wrap-mobile:wrap;}.elementor-657 .elementor-element.elementor-element-019f13f{color:#B0A695;}.elementor-657 .elementor-element.elementor-element-d0b767a{--display:flex;--flex-direction:column;--container-widget-width:100%;--container-widget-height:initial;--container-widget-flex-grow:0;--container-widget-align-self:initial;--flex-wrap-mobile:wrap;}@media(min-width:768px){.elementor-657 .elementor-element.elementor-element-eb09943{--width:50%;}.elementor-657 .elementor-element.elementor-element-d0b767a{--width:50%;}}<\/style>\t\t<div data-elementor-type=\"wp-page\" data-elementor-id=\"657\" class=\"elementor elementor-657\" data-elementor-post-type=\"page\">\n\t\t\t\t<div class=\"elementor-element elementor-element-9bafc18 e-flex e-con-boxed e-con e-parent\" data-id=\"9bafc18\" data-element_type=\"container\" data-settings=\"{&quot;background_background&quot;:&quot;classic&quot;,&quot;shape_divider_bottom&quot;:&quot;curve&quot;}\">\n\t\t\t\t\t<div class=\"e-con-inner\">\n\t\t\t\t<div class=\"elementor-shape elementor-shape-bottom\" data-negative=\"false\">\n\t\t\t<svg xmlns=\"http:\/\/www.w3.org\/2000\/svg\" viewBox=\"0 0 1000 100\" preserveAspectRatio=\"none\">\n    <path class=\"elementor-shape-fill\" d=\"M1000,4.3V0H0v4.3C0.9,23.1,126.7,99.2,500,100S1000,22.7,1000,4.3z\"\/>\n<\/svg>\t\t<\/div>\n\t\t\t\t<div class=\"elementor-element elementor-element-1c742c7 exad-sticky-section-no exad-glass-effect-no elementor-widget elementor-widget-spacer\" data-id=\"1c742c7\" data-element_type=\"widget\" data-widget_type=\"spacer.default\">\n\t\t\t\t<div class=\"elementor-widget-container\">\n\t\t\t\t\t\t\t<div class=\"elementor-spacer\">\n\t\t\t<div class=\"elementor-spacer-inner\"><\/div>\n\t\t<\/div>\n\t\t\t\t\t\t<\/div>\n\t\t\t\t<\/div>\n\t\t\t\t\t<\/div>\n\t\t\t\t<\/div>\n\t\t<div class=\"elementor-element elementor-element-eb1377f e-flex e-con-boxed e-con e-parent\" data-id=\"eb1377f\" data-element_type=\"container\">\n\t\t\t\t\t<div class=\"e-con-inner\">\n\t\t<div class=\"elementor-element elementor-element-eb09943 e-con-full e-flex e-con e-child\" data-id=\"eb09943\" data-element_type=\"container\">\n\t\t\t\t<div class=\"elementor-element elementor-element-2594ccb exad-sticky-section-no exad-glass-effect-no elementor-widget elementor-widget-heading\" data-id=\"2594ccb\" data-element_type=\"widget\" data-widget_type=\"heading.default\">\n\t\t\t\t<div class=\"elementor-widget-container\">\n\t\t\t\t\t<h2 class=\"elementor-heading-title elementor-size-default\">Online Dan\u0131\u015fmanl\u0131k<\/h2>\t\t\t\t<\/div>\n\t\t\t\t<\/div>\n\t\t\t\t<div class=\"elementor-element elementor-element-019f13f exad-sticky-section-no exad-glass-effect-no elementor-widget elementor-widget-text-editor\" data-id=\"019f13f\" data-element_type=\"widget\" data-widget_type=\"text-editor.default\">\n\t\t\t\t<div class=\"elementor-widget-container\">\n\t\t\t\t\t\t\t\t\t<p>Online beslenme dan\u0131\u015fmanl\u0131\u011f\u0131, ofisimize gelmeye vakit bulamayacak ya da ba\u015fka \u015fehirlerde, ba\u015fka \u00fclkelerde ya\u015fayan dan\u0131\u015fanlar\u0131m\u0131za sundu\u011fumuz hizmettir.<\/p><p>Ama\u00e7 g\u00fcncel bilgilerle her ya\u015ftan bireylere dan\u0131\u015fmanl\u0131k vermektir. Online g\u00f6r\u00fc\u015fmeleri zoom, facetime, whatsapp gibi uygulamalar \u00fczerinden planl\u0131yoruz.<\/p><p>Bu do\u011frultuda ki\u015fiye \u00f6zel beslenme planlamas\u0131 olu\u015fturuyoruz.\u00a0<\/p>\t\t\t\t\t\t\t\t<\/div>\n\t\t\t\t<\/div>\n\t\t\t\t<\/div>\n\t\t<div class=\"elementor-element elementor-element-d0b767a e-con-full e-flex e-con e-child\" data-id=\"d0b767a\" data-element_type=\"container\">\n\t\t\t\t<div class=\"elementor-element elementor-element-304b026 exad-sticky-section-no exad-glass-effect-no elementor-widget elementor-widget-image\" data-id=\"304b026\" data-element_type=\"widget\" data-widget_type=\"image.default\">\n\t\t\t\t<div class=\"elementor-widget-container\">\n\t\t\t\t\t\t\t\t\t\t\t\t\t\t\t<img fetchpriority=\"high\" decoding=\"async\" width=\"740\" height=\"416\" src=\"https:\/\/www.diyetisyenuguryanik.com\/wp-content\/uploads\/2024\/01\/online-1024x576.png\" class=\"attachment-large size-large wp-image-618\" alt=\"\" srcset=\"https:\/\/www.diyetisyenuguryanik.com\/wp-content\/uploads\/2024\/01\/online-1024x576.png 1024w, https:\/\/www.diyetisyenuguryanik.com\/wp-content\/uploads\/2024\/01\/online-300x169.png 300w, https:\/\/www.diyetisyenuguryanik.com\/wp-content\/uploads\/2024\/01\/online-768x432.png 768w, https:\/\/www.diyetisyenuguryanik.com\/wp-content\/uploads\/2024\/01\/online-1536x864.png 1536w, https:\/\/www.diyetisyenuguryanik.com\/wp-content\/uploads\/2024\/01\/online.png 1920w\" sizes=\"(max-width: 740px) 100vw, 740px\" \/>\t\t\t\t\t\t\t\t\t\t\t\t\t\t\t<\/div>\n\t\t\t\t<\/div>\n\t\t\t\t<\/div>\n\t\t\t\t\t<\/div>\n\t\t\t\t<\/div>\n\t\t\t\t<\/div>\n\t\t","protected":false},"excerpt":{"rendered":"<p>Online Dan\u0131\u015fmanl\u0131k Online beslenme dan\u0131\u015fmanl\u0131\u011f\u0131, ofisimize gelmeye vakit bulamayacak ya da ba\u015fka \u015fehirlerde, ba\u015fka \u00fclkelerde ya\u015fayan dan\u0131\u015fanlar\u0131m\u0131za sundu\u011fumuz hizmettir. Ama\u00e7 g\u00fcncel bilgilerle her ya\u015ftan bireylere dan\u0131\u015fmanl\u0131k vermektir. Online g\u00f6r\u00fc\u015fmeleri zoom, facetime, whatsapp gibi uygulamalar \u00fczerinden planl\u0131yoruz. Bu do\u011frultuda ki\u015fiye \u00f6zel beslenme planlamas\u0131 olu\u015fturuyoruz.\u00a0<\/p>\n","protected":false},"author":1,"featured_media":0,"parent":0,"menu_order":0,"comment_status":"closed","ping_status":"closed","template":"elementor_header_footer","meta":{"footnotes":""},"_links":{"self":[{"href":"https:\/\/www.diyetisyenuguryanik.com\/index.php\/wp-json\/wp\/v2\/pages\/657"}],"collection":[{"href":"https:\/\/www.diyetisyenuguryanik.com\/index.php\/wp-json\/wp\/v2\/pages"}],"about":[{"href":"https:\/\/www.diyetisyenuguryanik.com\/index.php\/wp-json\/wp\/v2\/types\/page"}],"author":[{"embeddable":true,"href":"https:\/\/www.diyetisyenuguryanik.com\/index.php\/wp-json\/wp\/v2\/users\/1"}],"replies":[{"embeddable":true,"href":"https:\/\/www.diyetisyenuguryanik.com\/index.php\/wp-json\/wp\/v2\/comments?post=657"}],"version-history":[{"count":22,"href":"https:\/\/www.diyetisyenuguryanik.com\/index.php\/wp-json\/wp\/v2\/pages\/657\/revisions"}],"predecessor-version":[{"id":1084,"href":"https:\/\/www.diyetisyenuguryanik.com\/index.php\/wp-json\/wp\/v2\/pages\/657\/revisions\/1084"}],"wp:attachment":[{"href":"https:\/\/www.diyetisyenuguryanik.com\/index.php\/wp-json\/wp\/v2\/media?parent=657"}],"curies":[{"name":"wp","href":"https:\/\/api.w.org\/{rel}","templated":true}]}}