{"id":647,"date":"2024-01-28T17:10:14","date_gmt":"2024-01-28T17:10:14","guid":{"rendered":"https:\/\/www.diyetisyenuguryanik.com\/?page_id=647"},"modified":"2025-04-03T19:23:55","modified_gmt":"2025-04-03T19:23:55","slug":"hastaliklarda-beslenme","status":"publish","type":"page","link":"https:\/\/www.diyetisyenuguryanik.com\/index.php\/hastaliklarda-beslenme\/","title":{"rendered":"Hastal\u0131klarda Beslenme"},"content":{"rendered":"<style>.elementor-647 .elementor-element.elementor-element-1363ba8{--display:flex;--flex-direction:column;--container-widget-width:100%;--container-widget-height:initial;--container-widget-flex-grow:0;--container-widget-align-self:initial;--flex-wrap-mobile:wrap;}.elementor-647 .elementor-element.elementor-element-1363ba8:not(.elementor-motion-effects-element-type-background), .elementor-647 .elementor-element.elementor-element-1363ba8 > .elementor-motion-effects-container > .elementor-motion-effects-layer{background-color:#383E42;}.elementor-647 .elementor-element.elementor-element-1363ba8 > .elementor-shape-bottom svg, .elementor-647 .elementor-element.elementor-element-1363ba8 > .e-con-inner > .elementor-shape-bottom svg{height:80px;}.elementor-647 .elementor-element.elementor-element-3a27f54{--spacer-size:300px;}.elementor-647 .elementor-element.elementor-element-d5699c3{--display:flex;--flex-direction:row;--container-widget-width:initial;--container-widget-height:100%;--container-widget-flex-grow:1;--container-widget-align-self:stretch;--flex-wrap-mobile:wrap;--gap:0px 0px;--row-gap:0px;--column-gap:0px;--padding-top:0px;--padding-bottom:100px;--padding-left:0px;--padding-right:0px;}.elementor-647 .elementor-element.elementor-element-3e75dfa{--display:flex;--flex-direction:column;--container-widget-width:100%;--container-widget-height:initial;--container-widget-flex-grow:0;--container-widget-align-self:initial;--flex-wrap-mobile:wrap;}.elementor-647 .elementor-element.elementor-element-7f5fbf7{color:#B0A695;}.elementor-647 .elementor-element.elementor-element-39fb95a{--display:flex;--flex-direction:column;--container-widget-width:100%;--container-widget-height:initial;--container-widget-flex-grow:0;--container-widget-align-self:initial;--flex-wrap-mobile:wrap;}@media(min-width:768px){.elementor-647 .elementor-element.elementor-element-3e75dfa{--width:50%;}.elementor-647 .elementor-element.elementor-element-39fb95a{--width:50%;}}<\/style>\t\t<div data-elementor-type=\"wp-page\" data-elementor-id=\"647\" class=\"elementor elementor-647\" data-elementor-post-type=\"page\">\n\t\t\t\t<div class=\"elementor-element elementor-element-1363ba8 e-flex e-con-boxed e-con e-parent\" data-id=\"1363ba8\" data-element_type=\"container\" data-settings=\"{&quot;background_background&quot;:&quot;classic&quot;,&quot;shape_divider_bottom&quot;:&quot;curve&quot;}\">\n\t\t\t\t\t<div class=\"e-con-inner\">\n\t\t\t\t<div class=\"elementor-shape elementor-shape-bottom\" data-negative=\"false\">\n\t\t\t<svg xmlns=\"http:\/\/www.w3.org\/2000\/svg\" viewBox=\"0 0 1000 100\" preserveAspectRatio=\"none\">\n    <path class=\"elementor-shape-fill\" d=\"M1000,4.3V0H0v4.3C0.9,23.1,126.7,99.2,500,100S1000,22.7,1000,4.3z\"\/>\n<\/svg>\t\t<\/div>\n\t\t\t\t<div class=\"elementor-element elementor-element-3a27f54 exad-sticky-section-no exad-glass-effect-no elementor-widget elementor-widget-spacer\" data-id=\"3a27f54\" data-element_type=\"widget\" data-widget_type=\"spacer.default\">\n\t\t\t\t<div class=\"elementor-widget-container\">\n\t\t\t\t\t\t\t<div class=\"elementor-spacer\">\n\t\t\t<div class=\"elementor-spacer-inner\"><\/div>\n\t\t<\/div>\n\t\t\t\t\t\t<\/div>\n\t\t\t\t<\/div>\n\t\t\t\t\t<\/div>\n\t\t\t\t<\/div>\n\t\t<div class=\"elementor-element elementor-element-d5699c3 e-flex e-con-boxed e-con e-parent\" data-id=\"d5699c3\" data-element_type=\"container\">\n\t\t\t\t\t<div class=\"e-con-inner\">\n\t\t<div class=\"elementor-element elementor-element-3e75dfa e-con-full e-flex e-con e-child\" data-id=\"3e75dfa\" data-element_type=\"container\">\n\t\t\t\t<div class=\"elementor-element elementor-element-e28993e exad-sticky-section-no exad-glass-effect-no elementor-widget elementor-widget-heading\" data-id=\"e28993e\" data-element_type=\"widget\" data-widget_type=\"heading.default\">\n\t\t\t\t<div class=\"elementor-widget-container\">\n\t\t\t\t\t<h2 class=\"elementor-heading-title elementor-size-default\">Hastal\u0131klarda Beslenme<\/h2>\t\t\t\t<\/div>\n\t\t\t\t<\/div>\n\t\t\t\t<div class=\"elementor-element elementor-element-7f5fbf7 exad-sticky-section-no exad-glass-effect-no elementor-widget elementor-widget-text-editor\" data-id=\"7f5fbf7\" data-element_type=\"widget\" data-widget_type=\"text-editor.default\">\n\t\t\t\t<div class=\"elementor-widget-container\">\n\t\t\t\t\t\t\t\t\t<p>Polikistik Over Sendromunda Beslenmenin \u00d6nemi Yumurtal\u0131klarda k\u00fc\u00e7\u00fck ve iyi huylu \u00e7ok say\u0131da kistin olu\u015fumu \u015feklinde geli\u015fen polikistik over,<br \/>adet d\u00fczenli\u011fi ile birlikte kendini belli eden, ins\u00fclin direnci, bel b\u00f6lgesinde ya\u011flanma, buna ek olarak kilo art\u0131\u015f\u0131, v\u00fccut genelinde erkek tipi t\u00fcylenme, sivilce olu\u015fumu gibi pek \u00e7ok \u015fikayetin<br \/>olu\u015fumuna neden olan bir kad\u0131n hastal\u0131\u011f\u0131d\u0131r \u0130yi bir beslenme plan\u0131 PKOS tedavisinde \u00f6nemlidir.<\/p>\t\t\t\t\t\t\t\t<\/div>\n\t\t\t\t<\/div>\n\t\t\t\t<\/div>\n\t\t<div class=\"elementor-element elementor-element-39fb95a e-con-full e-flex e-con e-child\" data-id=\"39fb95a\" data-element_type=\"container\">\n\t\t\t\t<div class=\"elementor-element elementor-element-18a4955 exad-sticky-section-no exad-glass-effect-no elementor-widget elementor-widget-image\" data-id=\"18a4955\" data-element_type=\"widget\" data-widget_type=\"image.default\">\n\t\t\t\t<div class=\"elementor-widget-container\">\n\t\t\t\t\t\t\t\t\t\t\t\t\t\t\t<img fetchpriority=\"high\" decoding=\"async\" width=\"740\" height=\"416\" src=\"https:\/\/www.diyetisyenuguryanik.com\/wp-content\/uploads\/2024\/01\/hasta-1024x576.png\" class=\"attachment-large size-large wp-image-617\" alt=\"\" srcset=\"https:\/\/www.diyetisyenuguryanik.com\/wp-content\/uploads\/2024\/01\/hasta-1024x576.png 1024w, https:\/\/www.diyetisyenuguryanik.com\/wp-content\/uploads\/2024\/01\/hasta-300x169.png 300w, https:\/\/www.diyetisyenuguryanik.com\/wp-content\/uploads\/2024\/01\/hasta-768x432.png 768w, https:\/\/www.diyetisyenuguryanik.com\/wp-content\/uploads\/2024\/01\/hasta-1536x864.png 1536w, https:\/\/www.diyetisyenuguryanik.com\/wp-content\/uploads\/2024\/01\/hasta.png 1920w\" sizes=\"(max-width: 740px) 100vw, 740px\" \/>\t\t\t\t\t\t\t\t\t\t\t\t\t\t\t<\/div>\n\t\t\t\t<\/div>\n\t\t\t\t<\/div>\n\t\t\t\t\t<\/div>\n\t\t\t\t<\/div>\n\t\t\t\t<\/div>\n\t\t","protected":false},"excerpt":{"rendered":"<p>Hastal\u0131klarda Beslenme Polikistik Over Sendromunda Beslenmenin \u00d6nemi Yumurtal\u0131klarda k\u00fc\u00e7\u00fck ve iyi huylu \u00e7ok say\u0131da kistin olu\u015fumu \u015feklinde geli\u015fen polikistik over,adet d\u00fczenli\u011fi ile birlikte kendini belli eden, ins\u00fclin direnci, bel b\u00f6lgesinde ya\u011flanma, buna ek olarak kilo art\u0131\u015f\u0131, v\u00fccut genelinde erkek tipi t\u00fcylenme, sivilce olu\u015fumu gibi pek \u00e7ok \u015fikayetinolu\u015fumuna neden olan bir kad\u0131n hastal\u0131\u011f\u0131d\u0131r \u0130yi bir beslenme [&hellip;]<\/p>\n","protected":false},"author":1,"featured_media":0,"parent":0,"menu_order":0,"comment_status":"closed","ping_status":"closed","template":"elementor_header_footer","meta":{"footnotes":""},"_links":{"self":[{"href":"https:\/\/www.diyetisyenuguryanik.com\/index.php\/wp-json\/wp\/v2\/pages\/647"}],"collection":[{"href":"https:\/\/www.diyetisyenuguryanik.com\/index.php\/wp-json\/wp\/v2\/pages"}],"about":[{"href":"https:\/\/www.diyetisyenuguryanik.com\/index.php\/wp-json\/wp\/v2\/types\/page"}],"author":[{"embeddable":true,"href":"https:\/\/www.diyetisyenuguryanik.com\/index.php\/wp-json\/wp\/v2\/users\/1"}],"replies":[{"embeddable":true,"href":"https:\/\/www.diyetisyenuguryanik.com\/index.php\/wp-json\/wp\/v2\/comments?post=647"}],"version-history":[{"count":10,"href":"https:\/\/www.diyetisyenuguryanik.com\/index.php\/wp-json\/wp\/v2\/pages\/647\/revisions"}],"predecessor-version":[{"id":1068,"href":"https:\/\/www.diyetisyenuguryanik.com\/index.php\/wp-json\/wp\/v2\/pages\/647\/revisions\/1068"}],"wp:attachment":[{"href":"https:\/\/www.diyetisyenuguryanik.com\/index.php\/wp-json\/wp\/v2\/media?parent=647"}],"curies":[{"name":"wp","href":"https:\/\/api.w.org\/{rel}","templated":true}]}}