{"id":634,"date":"2024-01-28T16:50:38","date_gmt":"2024-01-28T16:50:38","guid":{"rendered":"https:\/\/www.diyetisyenuguryanik.com\/?page_id=634"},"modified":"2025-04-03T19:20:35","modified_gmt":"2025-04-03T19:20:35","slug":"emziren-annelerde-beslenme","status":"publish","type":"page","link":"https:\/\/www.diyetisyenuguryanik.com\/index.php\/emziren-annelerde-beslenme\/","title":{"rendered":"Emziren Annelerde Beslenme"},"content":{"rendered":"\t\t<div data-elementor-type=\"wp-page\" data-elementor-id=\"634\" class=\"elementor elementor-634\" data-elementor-post-type=\"page\">\n\t\t\t\t<div class=\"elementor-element elementor-element-d6e223e e-flex e-con-boxed e-con e-parent\" data-id=\"d6e223e\" data-element_type=\"container\" data-settings=\"{&quot;background_background&quot;:&quot;classic&quot;,&quot;shape_divider_bottom&quot;:&quot;curve&quot;}\">\n\t\t\t\t\t<div class=\"e-con-inner\">\n\t\t\t\t<div class=\"elementor-shape elementor-shape-bottom\" data-negative=\"false\">\n\t\t\t<svg xmlns=\"http:\/\/www.w3.org\/2000\/svg\" viewBox=\"0 0 1000 100\" preserveAspectRatio=\"none\">\n    <path class=\"elementor-shape-fill\" d=\"M1000,4.3V0H0v4.3C0.9,23.1,126.7,99.2,500,100S1000,22.7,1000,4.3z\"\/>\n<\/svg>\t\t<\/div>\n\t\t\t\t<div class=\"elementor-element elementor-element-19e36c8 exad-sticky-section-no exad-glass-effect-no elementor-widget elementor-widget-spacer\" data-id=\"19e36c8\" data-element_type=\"widget\" data-widget_type=\"spacer.default\">\n\t\t\t\t<div class=\"elementor-widget-container\">\n\t\t\t\t\t\t\t<div class=\"elementor-spacer\">\n\t\t\t<div class=\"elementor-spacer-inner\"><\/div>\n\t\t<\/div>\n\t\t\t\t\t\t<\/div>\n\t\t\t\t<\/div>\n\t\t\t\t\t<\/div>\n\t\t\t\t<\/div>\n\t\t<div class=\"elementor-element elementor-element-f034573 e-flex e-con-boxed e-con e-parent\" data-id=\"f034573\" data-element_type=\"container\">\n\t\t\t\t\t<div class=\"e-con-inner\">\n\t\t<div class=\"elementor-element elementor-element-b2ab22b e-con-full e-flex e-con e-child\" data-id=\"b2ab22b\" data-element_type=\"container\">\n\t\t\t\t<div class=\"elementor-element elementor-element-ab58078 exad-sticky-section-no exad-glass-effect-no elementor-widget elementor-widget-heading\" data-id=\"ab58078\" data-element_type=\"widget\" data-widget_type=\"heading.default\">\n\t\t\t\t<div class=\"elementor-widget-container\">\n\t\t\t\t\t<h2 class=\"elementor-heading-title elementor-size-default\">Emziren Annelerde Beslenme<\/h2>\t\t\t\t<\/div>\n\t\t\t\t<\/div>\n\t\t\t\t<div class=\"elementor-element elementor-element-f67e53c exad-sticky-section-no exad-glass-effect-no elementor-widget elementor-widget-text-editor\" data-id=\"f67e53c\" data-element_type=\"widget\" data-widget_type=\"text-editor.default\">\n\t\t\t\t<div class=\"elementor-widget-container\">\n\t\t\t\t\t\t\t\t\t<p>Emzirme d\u00f6neminde anne, kendi v\u00fccudunun besin de\u011ferlerini koruma ve bebe\u011fin ihtiyac\u0131n\u0131 kar\u015f\u0131lamak i\u00e7in yeterli ve dengeli beslenmelidir. E\u011fer ki anne gereken ihtiyac\u0131n\u0131 kar\u015f\u0131layamaz ise hem s\u00fct verimlili\u011fi d\u00fc\u015fecektir hem annenin sa\u011fl\u0131\u011f\u0131 bozulacakt\u0131r. S\u00fct\u00fcn miktar ve i\u00e7eri\u011finin zenginli\u011fi korunarak beslenme programlar\u0131 olu\u015fturulmal\u0131d\u0131r.<\/p>\t\t\t\t\t\t\t\t<\/div>\n\t\t\t\t<\/div>\n\t\t\t\t<\/div>\n\t\t<div class=\"elementor-element elementor-element-b9ca4df e-con-full e-flex e-con e-child\" data-id=\"b9ca4df\" data-element_type=\"container\">\n\t\t\t\t<div class=\"elementor-element elementor-element-132d419 exad-sticky-section-no exad-glass-effect-no elementor-widget elementor-widget-image\" data-id=\"132d419\" data-element_type=\"widget\" data-widget_type=\"image.default\">\n\t\t\t\t<div class=\"elementor-widget-container\">\n\t\t\t\t\t\t\t\t\t\t\t\t\t\t\t<img fetchpriority=\"high\" decoding=\"async\" width=\"740\" height=\"416\" src=\"https:\/\/www.diyetisyenuguryanik.com\/wp-content\/uploads\/2024\/01\/emziren-1024x576.png\" class=\"attachment-large size-large wp-image-615\" alt=\"\" srcset=\"https:\/\/www.diyetisyenuguryanik.com\/wp-content\/uploads\/2024\/01\/emziren-1024x576.png 1024w, https:\/\/www.diyetisyenuguryanik.com\/wp-content\/uploads\/2024\/01\/emziren-300x169.png 300w, https:\/\/www.diyetisyenuguryanik.com\/wp-content\/uploads\/2024\/01\/emziren-768x432.png 768w, https:\/\/www.diyetisyenuguryanik.com\/wp-content\/uploads\/2024\/01\/emziren-1536x864.png 1536w, https:\/\/www.diyetisyenuguryanik.com\/wp-content\/uploads\/2024\/01\/emziren.png 1920w\" sizes=\"(max-width: 740px) 100vw, 740px\" \/>\t\t\t\t\t\t\t\t\t\t\t\t\t\t\t<\/div>\n\t\t\t\t<\/div>\n\t\t\t\t<\/div>\n\t\t\t\t\t<\/div>\n\t\t\t\t<\/div>\n\t\t\t\t<\/div>\n\t\t","protected":false},"excerpt":{"rendered":"<p>Emziren Annelerde Beslenme Emzirme d\u00f6neminde anne, kendi v\u00fccudunun besin de\u011ferlerini koruma ve bebe\u011fin ihtiyac\u0131n\u0131 kar\u015f\u0131lamak i\u00e7in yeterli ve dengeli beslenmelidir. E\u011fer ki anne gereken ihtiyac\u0131n\u0131 kar\u015f\u0131layamaz ise hem s\u00fct verimlili\u011fi d\u00fc\u015fecektir hem annenin sa\u011fl\u0131\u011f\u0131 bozulacakt\u0131r. S\u00fct\u00fcn miktar ve i\u00e7eri\u011finin zenginli\u011fi korunarak beslenme programlar\u0131 olu\u015fturulmal\u0131d\u0131r.<\/p>\n","protected":false},"author":1,"featured_media":0,"parent":0,"menu_order":0,"comment_status":"closed","ping_status":"closed","template":"elementor_header_footer","meta":{"footnotes":""},"_links":{"self":[{"href":"https:\/\/www.diyetisyenuguryanik.com\/index.php\/wp-json\/wp\/v2\/pages\/634"}],"collection":[{"href":"https:\/\/www.diyetisyenuguryanik.com\/index.php\/wp-json\/wp\/v2\/pages"}],"about":[{"href":"https:\/\/www.diyetisyenuguryanik.com\/index.php\/wp-json\/wp\/v2\/types\/page"}],"author":[{"embeddable":true,"href":"https:\/\/www.diyetisyenuguryanik.com\/index.php\/wp-json\/wp\/v2\/users\/1"}],"replies":[{"embeddable":true,"href":"https:\/\/www.diyetisyenuguryanik.com\/index.php\/wp-json\/wp\/v2\/comments?post=634"}],"version-history":[{"count":10,"href":"https:\/\/www.diyetisyenuguryanik.com\/index.php\/wp-json\/wp\/v2\/pages\/634\/revisions"}],"predecessor-version":[{"id":1065,"href":"https:\/\/www.diyetisyenuguryanik.com\/index.php\/wp-json\/wp\/v2\/pages\/634\/revisions\/1065"}],"wp:attachment":[{"href":"https:\/\/www.diyetisyenuguryanik.com\/index.php\/wp-json\/wp\/v2\/media?parent=634"}],"curies":[{"name":"wp","href":"https:\/\/api.w.org\/{rel}","templated":true}]}}